{"id":160,"date":"2017-11-19T07:45:23","date_gmt":"2017-11-19T07:45:23","guid":{"rendered":"https:\/\/cosmo.be\/?page_id=160"},"modified":"2024-08-08T13:48:03","modified_gmt":"2024-08-08T13:48:03","slug":"tijdregistratiesysteem-triton","status":"publish","type":"page","link":"https:\/\/cosmo.be\/fr\/tijdregistratiesysteem-triton\/","title":{"rendered":"Syst\u00e8me de gestion de temps Triton"},"content":{"rendered":"<p><\/p>\n<h5>Logiciel de gestion de temps Triton<\/h5>\n<figure id=\"attachment_159\" aria-describedby=\"caption-attachment-159\" style=\"width: 326px\" class=\"wp-caption aligncenter\"><img loading=\"lazy\" decoding=\"async\" class=\"wp-image-159\" src=\"https:\/\/cosmo.be\/wp-content\/uploads\/2017\/11\/triton1.png\" alt=\"Gestion de temps\" width=\"326\" height=\"53\" srcset=\"https:\/\/cosmo.be\/wp-content\/uploads\/2017\/11\/triton1.png 1647w, https:\/\/cosmo.be\/wp-content\/uploads\/2017\/11\/triton1-300x49.png 300w, https:\/\/cosmo.be\/wp-content\/uploads\/2017\/11\/triton1-768x125.png 768w, https:\/\/cosmo.be\/wp-content\/uploads\/2017\/11\/triton1-1024x167.png 1024w\" sizes=\"auto, (max-width: 326px) 100vw, 326px\" \/><figcaption id=\"caption-attachment-159\" class=\"wp-caption-text\">Gestion de temps<\/figcaption><\/figure>\n<div>\n<p><strong>TRITON<\/strong> est un syst\u00e8me innovant et appli web qui rend la gestion de temps et des temps pr\u00e9sences efficace et abordable. Gagnez du temps et g\u00e9rez vos ressources en pr\u00e9parant les pointages pour le traitement des salaires. Les gestionnaires et les responsables du personnel ont acc\u00e8s en temps\u00a0 r\u00e9el aux informations concernant l\u2019enregistrement du temps, les temps de pr\u00e9sence et les absences des employ\u00e9s ainsi qu\u2019aux divergences.L&rsquo;accent est mis sur la facilit\u00e9 d&rsquo;utilisation, qui vous permet de commencer \u00e0 travailler rapidement avec ce programme.<\/p>\n<h6>Caract\u00e9ristiques principales:<\/h6>\n<ul>\n<li>Pointages \u00e0 l\u2019entr\u00e9e et \u00e0 la sortie \u00e0 l\u2019aide d\u2019un terminal de pointage ou par la pointeuse virtuelle dans <strong>TRITON<\/strong> ou par des dispositifs mobiles<\/li>\n<li>Simple et conviviale; la plupart de la gestion se fait \u00e0 partir de deux \u00e9crans, notamment \u00ab\u00a0<a href=\"https:\/\/cosmo.be\/fr\/tijdregistratiesysteem-triton\/overzicht\/\" target=\"_blank\" rel=\"noopener noreferrer\">l\u2019aper\u00e7u<\/a>\u00a0\u00bb et \u00ab\u00a0<a href=\"https:\/\/cosmo.be\/fr\/tijdregistratiesysteem-triton\/triton-planning\/\" target=\"_blank\" rel=\"noopener noreferrer\">le planning<\/a>\u00ab\u00a0.<\/li>\n<li>Vous poss\u00e9dez toujours les informations appropri\u00e9es car les pointages sont imm\u00e9diatement transmis \u00e0 <strong>TRITON<\/strong>.<\/li>\n<li>Des informations en temps r\u00e9el sur qui travaille et qui est absent, qui commence trop tard ou arr\u00eate trop t\u00f4t et qui effectue des heures suppl\u00e9mentaires, les cong\u00e9s, maladie ou autres absences.<\/li>\n<li><a href=\"https:\/\/cosmo.be\/fr\/tijdregistratiesysteem-triton\/cloud-based-system\/\" target=\"_blank\" rel=\"noopener noreferrer\">La plateforme nuagique<\/a> est accessible via votre navigateur Web de n&rsquo;importe o\u00f9, la mise \u00e0 jour et l&rsquo;ajout des nouvelles fonctionnalit\u00e9s se fait automatiquement,<strong> TRITON<\/strong> tourne sur nos serveurs s\u00e9curis\u00e9s avec sauvegarde des donn\u00e9es et donc sans aucun co\u00fbt pour un serveur local.<\/li>\n<li>Disponible en langue fran\u00e7ais, n\u00e9erlandais et anglais selon le choix de l\u2019utilisateur.<\/li>\n<li>La gestion de plusieurs sites, ind\u00e9pendamment de leur emplacement g\u00e9ographique.<\/li>\n<li>Fonction libre-service: consultation des heures de prestations et des horaires, demande de vacances ou d\u2019autres absences.<\/li>\n<li>Convient pour diff\u00e9rents types d\u2019horaires : fixes, variables, travail d\u2019\u00e9quipes, horaires de nuit &#8230;<\/li>\n<li>Planification du personnel:\n<ul>\n<li>la planification des horaires<\/li>\n<li>la planification et la gestion des absences et des maladies<\/li>\n<li>Organiser le personnel en \u00e9quipes ou en sections de travail<\/li>\n<li>Affichage par personne, par groupe ou par s\u00e9lection<\/li>\n<li>Par jour, par semaine, par mois ou par s\u00e9lection<\/li>\n<\/ul>\n<\/li>\n<li>Les rapports personnalis\u00e9s peuvent \u00eatre enregistr\u00e9s comme un mod\u00e8le et d&rsquo;une mani\u00e8re tr\u00e8s simple et flexible pour cr\u00e9er des aper\u00e7us en fonction de vos besoins.<\/li>\n<li>Les donn\u00e9es sont s\u00e9lectionnables par personne, par groupes ou par s\u00e9lection personnalis\u00e9e.<\/li>\n<li>Des rapports par d\u00e9faut et des rapports personnalis\u00e9s \u00e0 partir de leurs propres mod\u00e8les cr\u00e9\u00e9s.<\/li>\n<li>Exportation des prestations vers votre secr\u00e9tariat social, mais aussi programm\u00e9 sur mesure.<\/li>\n<li>Finit le calcul manuel des cartes de pointage avec risque d&rsquo;erreurs.<\/li>\n<\/ul>\n<p><a href=\"https:\/\/cosmo.be\/fr\/contact\/\">Contactez-nous<\/a> pour de plus amples information<\/p>\n<\/div>\n<hr \/>\n<h6>Terminaux pour la gestion de temps<\/h6>\n<figure id=\"attachment_158\" aria-describedby=\"caption-attachment-158\" style=\"width: 150px\" class=\"wp-caption alignright\"><img loading=\"lazy\" decoding=\"async\" class=\"wp-image-158 size-thumbnail\" src=\"https:\/\/cosmo.be\/wp-content\/uploads\/2017\/11\/lucy-150x150.jpg\" alt=\"badgeuse LUCY\" width=\"150\" height=\"150\" srcset=\"https:\/\/cosmo.be\/wp-content\/uploads\/2017\/11\/lucy-150x150.jpg 150w, https:\/\/cosmo.be\/wp-content\/uploads\/2017\/11\/lucy-300x300.jpg 300w, https:\/\/cosmo.be\/wp-content\/uploads\/2017\/11\/lucy-270x270.jpg 270w, https:\/\/cosmo.be\/wp-content\/uploads\/2017\/11\/lucy-230x230.jpg 230w, https:\/\/cosmo.be\/wp-content\/uploads\/2017\/11\/lucy.jpg 500w\" sizes=\"auto, (max-width: 150px) 100vw, 150px\" \/><figcaption id=\"caption-attachment-158\" class=\"wp-caption-text\">Lucy terminal<\/figcaption><\/figure>\n<div>\n<p><strong>Lucy terminal de pointage<\/strong><\/p>\n<p>LUCY est un terminal de pointage r\u00e9seau, simple et facile \u00e0 utiliser, pour l&rsquo;enregistrement de temps \u00e9quip\u00e9 d&rsquo;un lecteur de proximit\u00e9 RFID sans contact. Il suffit de passer votre <a href=\"https:\/\/cosmo.be\/fr\/tijdregistratiesysteem-triton\/badge-en-keytag\/\" target=\"_blank\" rel=\"noopener noreferrer\">badge ou porte-cl\u00e9s <\/a>devant le terminal pour enregistrer les heures de prestation. Ensuite, les pointages sont envoy\u00e9s au server TRITON via internet. En cas de panne de r\u00e9seau, les pointages sont sauvegard\u00e9s dans la m\u00e9moire du terminal afin d&rsquo;\u00eatre transmis par la suite.<\/p>\n<h6>Caract\u00e9ristiques principales:<\/h6>\n<ul>\n<li>Ecran LCD r\u00e9tro \u00e9clair\u00e9 et bien lisible<\/li>\n<li>Retour d&rsquo;informations relatives aux soldes ou heures prest\u00e9es ou pointage entr\u00e9e\/sortie<\/li>\n<li>4 touches de fonction pour des applications sp\u00e9cifiques: consultation, notification absence,&#8230;<\/li>\n<li>Lecteur de proximit\u00e9 125KHz sans contact<\/li>\n<li>Connecteur 10\/100 Base-T Ethernet<\/li>\n<li>Relais interne, pour ouvrir une porte ou pour actionner une sonnerie d\u00e9but\/fin de travail<\/li>\n<li>Une m\u00e9moire flash interne peut stocker 10000 pointages<\/li>\n<li>Mode m\u00fbr ou table: l&rsquo;orientation de l&rsquo;\u00e9cran et des touches peuvent \u00eatre modifi\u00e9s<\/li>\n<li>Batterie de sauvegarde interne pour le RTC<\/li>\n<li>Adresse IP: fixe ou attribu\u00e9e par DHCP<\/li>\n<li>Synchronisation automatique de la date et de l&rsquo;heure<\/li>\n<li>Facile \u00e0 installer<\/li>\n<li>Configuration \u00e0 distance<\/li>\n<\/ul>\n<p><a href=\"https:\/\/cosmo.be\/fr\/contact\/\">Contactez-nous<\/a> pour de plus amples information<\/p>\n<\/div>\n<figure id=\"attachment_246\" aria-describedby=\"caption-attachment-246\" style=\"width: 150px\" class=\"wp-caption alignright\"><img loading=\"lazy\" decoding=\"async\" class=\"wp-image-246 size-thumbnail\" src=\"https:\/\/cosmo.be\/wp-content\/uploads\/2017\/12\/F710-FID-150x150.png\" alt=\"badgeuse reconnaissance faciale\" width=\"150\" height=\"150\" srcset=\"https:\/\/cosmo.be\/wp-content\/uploads\/2017\/12\/F710-FID-150x150.png 150w, https:\/\/cosmo.be\/wp-content\/uploads\/2017\/12\/F710-FID-270x270.png 270w, https:\/\/cosmo.be\/wp-content\/uploads\/2017\/12\/F710-FID-230x230.png 230w\" sizes=\"auto, (max-width: 150px) 100vw, 150px\" \/><figcaption id=\"caption-attachment-246\" class=\"wp-caption-text\">FACE-ID terminal<\/figcaption><\/figure>\n<div>\n<p><strong>FACE-ID terminal de pointage<\/strong><\/p>\n<p><strong>FACE-ID <\/strong>est un terminal de r\u00e9seau biom\u00e9trique bas\u00e9 sur la reconnaissance faciale. Les pointages entr\u00e9e et sortie se d\u00e9roule en positionnant votre visage devant le terminal. Votre visage est scann\u00e9 et traduit en un code unique.\u00a0Ensuite, les pointages sont envoy\u00e9s au serveur TRITON via internet. Aucune image de votre visage n&rsquo;est sauvegard\u00e9e mais une carte tridimensionnelle des points unique de votre visage. En cas de panne de r\u00e9seau, les pointages sont sauvegard\u00e9s dans la m\u00e9moire du terminal afin d&rsquo;\u00eatre transmis par la suite.<\/p>\n<h6>Caract\u00e9ristiques principales:<\/h6>\n<ul>\n<li>2 cam\u00e9ras cr\u00e9ent une carte tridimensionnelle de votre visage<\/li>\n<li>Technologie de lecture sans contact pour une hygi\u00e8ne optimale contrairement \u00e0 d&rsquo;autres solutions biom\u00e9trique telles que les empreintes digitales ou balayage de la main<\/li>\n<li>Reconnaissance faciale en moins de 1 seconde<\/li>\n<li>Marge d&rsquo;erreurs tr\u00e8s faible, moins de 0,0001%<\/li>\n<li>Capacit\u00e9 utilisateurs: 1000 visages<\/li>\n<li>Capacit\u00e9 de stockage: 200.000 enregistrements<\/li>\n<li>Batterie de sauvegarde interne pour le RTC<\/li>\n<li>Adresse IP: fixe ou attribu\u00e9e par DHCP<\/li>\n<li>Adresse IP: fixe ou attribu\u00e9e par DHCP<\/li>\n<li>Facile \u00e0 installer<\/li>\n<li>Configuration \u00e0 distance<\/li>\n<\/ul>\n<p><a href=\"https:\/\/cosmo.be\/fr\/contact\/\">Contactez-nous<\/a> pour de plus amples information<\/p>\n<\/div>\n<p><\/p>","protected":false},"excerpt":{"rendered":"<p>Le syst\u00e8me de gestion de temps Triton est l&rsquo;outil id\u00e9al pour g\u00e9rer l&rsquo;enregistrement des temps des employ\u00e9s. L&rsquo;enregistrement de temps se fait de mani\u00e8re tr\u00e8s simple \u00e0 l&rsquo;aide d&rsquo;un badge de proximit\u00e9 ou d&rsquo;un porte-cl\u00e9s. Le gestionnaire du personnel a acc\u00e8s en temps r\u00e9el \u00e0 l&rsquo;information sur l&rsquo;enregistrement de temps, l&rsquo;absent\u00e9isme et les anomalies des employ\u00e9s. Cela permet de gagner un temps consid\u00e9rable lors de la pr\u00e9paration et du traitement de ces informations pour l&rsquo;administration de votre paie. Triton est une appli web, dont le principal avantage est qu&rsquo;il n&rsquo;y a pas de logiciel ni de mises \u00e0 jour install\u00e9s localement. De plus, le co\u00fbt du syst\u00e8me est parfaitement adapt\u00e9 aux besoins de votre organisation.<\/p>\n","protected":false},"author":1,"featured_media":161,"parent":0,"menu_order":0,"comment_status":"closed","ping_status":"closed","template":"","meta":{"footnotes":""},"class_list":["post-160","page","type-page","status-publish","has-post-thumbnail","hentry"],"_links":{"self":[{"href":"https:\/\/cosmo.be\/fr\/wp-json\/wp\/v2\/pages\/160","targetHints":{"allow":["GET"]}}],"collection":[{"href":"https:\/\/cosmo.be\/fr\/wp-json\/wp\/v2\/pages"}],"about":[{"href":"https:\/\/cosmo.be\/fr\/wp-json\/wp\/v2\/types\/page"}],"author":[{"embeddable":true,"href":"https:\/\/cosmo.be\/fr\/wp-json\/wp\/v2\/users\/1"}],"replies":[{"embeddable":true,"href":"https:\/\/cosmo.be\/fr\/wp-json\/wp\/v2\/comments?post=160"}],"version-history":[{"count":56,"href":"https:\/\/cosmo.be\/fr\/wp-json\/wp\/v2\/pages\/160\/revisions"}],"predecessor-version":[{"id":466,"href":"https:\/\/cosmo.be\/fr\/wp-json\/wp\/v2\/pages\/160\/revisions\/466"}],"wp:featuredmedia":[{"embeddable":true,"href":"https:\/\/cosmo.be\/fr\/wp-json\/wp\/v2\/media\/161"}],"wp:attachment":[{"href":"https:\/\/cosmo.be\/fr\/wp-json\/wp\/v2\/media?parent=160"}],"curies":[{"name":"wp","href":"https:\/\/api.w.org\/{rel}","templated":true}]}}