{"id":258,"date":"2018-06-26T12:18:34","date_gmt":"2018-06-26T12:18:34","guid":{"rendered":"https:\/\/cosmo.be\/?page_id=258"},"modified":"2018-06-26T13:35:11","modified_gmt":"2018-06-26T13:35:11","slug":"privacy-policy","status":"publish","type":"page","link":"https:\/\/cosmo.be\/fr\/privacy-policy\/","title":{"rendered":"Avis de Confidentialit\u00e9"},"content":{"rendered":"<p><\/p>\n<h6>Avis de confidentialit\u00e9 de <strong>Cosmo Time Systems sprl<\/strong> avec si\u00e8ge social \u00e0 <strong>Deurne <\/strong>et inscrit dans la Banque-Carrefour des Entreprises avec num\u00e9ro d\u2019entreprise <strong>BE<\/strong><strong> 0840.215.681<\/strong>.<\/h6>\n<p><strong>Article 1 \u2013 D\u00e9claration de confidentialit\u00e9<\/strong><br \/>\nComme entreprise nous nous effor\u00e7ons de traiter vos donn\u00e9es personnelles d\u2019une mani\u00e8re l\u00e9gitime, correcte et transparente. Dans ce document nous vous informons quelles donn\u00e9es personnelles nous traitons et pour quels objectifs.<\/p>\n<p><strong>Article 2 \u2013 Identification du contr\u00f4leur<\/strong><br \/>\nAu sein de notre soci\u00e9t\u00e9 les donn\u00e9es personnelles sont que accessible pour les personnes qui ont la responsabilit\u00e9 dans leur paquet d\u2019emploi et dont l\u2019acc\u00e8s est explicitement n\u00e9cessaire pour ex\u00e9cuter leur travail.<\/p>\n<p>Pour des questions suppl\u00e9mentaires concernant l\u2019identification vous pouvez toujours nous contacter via: <a href=\"mailto:GDPR@cosmo.be%20\">GDPR@cosmo.be <\/a>ou le num\u00e9ro +32 2 733 13 03.<\/p>\n<p><strong>Article 3 \u2013 Identification des donn\u00e9es personnelles<\/strong><br \/>\nPlusieurs donn\u00e9es personnelles sont collect\u00e9es directement. Cela inclut entre autre choses des donn\u00e9es g\u00e9n\u00e9rales comme votre nom, pr\u00e9nom, fonction dans l\u2019entreprise, des donn\u00e9es de contact comme un num\u00e9ro de t\u00e9l\u00e9phone, num\u00e9ro de fax, adresse e-mail et des donn\u00e9es \u00e0 des fins de facturation telles que le num\u00e9ro de compte bancaire.<\/p>\n<p>Le cas \u00e9ch\u00e9ant ces donn\u00e9es sont remises par remplir des documents, par le communiquer par voie \u00e9lectronique ou par t\u00e9l\u00e9phone ou par la remise de cartes de visite. Il est suppos\u00e9 que l\u2019autorisation explicit est donn\u00e9e pour le stockage des donn\u00e9es personnelles fournies.<\/p>\n<p>Autres donn\u00e9es personnelles sont collect\u00e9es indirectement. Il peut impliquer des donn\u00e9es publiques que sont soumis \u00e0 une obligation de publication ou des donn\u00e9es rendues publiques par la personne concern\u00e9e. Ces donn\u00e9es accessibles au public peuvent \u00eatre stock\u00e9es. Permission pour cela est suppos\u00e9e, vu que ces donn\u00e9es sont accessible public.<\/p>\n<p>Aucune cat\u00e9gorie sp\u00e9ciale de donn\u00e9es personnelles n\u2019est maintenue\u00a0 sans autorisation suppl\u00e9mentaire.<\/p>\n<p>Cookies que nous utilisons: nous utilisons uniquement des cookies techniques et fonctionnels. Et des cookies analytiques qui ne portent pas atteinte \u00e0 votre vie priv\u00e9e. Un cookie est un petit fichier texte stock\u00e9 sur votre ordinateur, tablette ou smartphone lors de votre premi\u00e8re visite sur ce site. Les cookies que nous utilisons sont n\u00e9cessaires pour le fonctionnement technique du site et votre facilit\u00e9 d&rsquo;utilisation. Ils s&rsquo;assurent que le site fonctionne correctement et se souviennent, par exemple, de vos pr\u00e9f\u00e9rences. Nous pouvons \u00e9galement optimiser notre site web avec ceci. Vous pouvez d\u00e9sactiver les cookies en configurant votre navigateur Internet afin qu&rsquo;il ne stocke plus de cookies. En outre, vous pouvez \u00e9galement supprimer toutes les informations pr\u00e9c\u00e9demment enregistr\u00e9es via les param\u00e8tres de votre navigateur.<\/p>\n<p><strong>Article 4 \u2013 La \u00a0responsabilit\u00e9 du traitement<\/strong><br \/>\nPour fournir certains services d\u2019une mani\u00e8re qualitative, notre firme a besoin de plusieurs donn\u00e9es personnelles comme d\u00e9fini sous l\u2019article 3 de ce document. Vos donn\u00e9es sont utilis\u00e9es pour les objectifs suivants, en fonction de la situation :<\/p>\n<ul>\n<li>Pour pouvoir ex\u00e9cuter le contrat de mani\u00e8re correcte et pour \u00eatre en mesure de garantir les services d\u00e9crits dans le contrat;<\/li>\n<li>Pour se conformer aux exigences l\u00e9gales;<\/li>\n<li>Dans le cadre de la gestion des risques et du contr\u00f4le qualit\u00e9;<\/li>\n<li>Dans le cadre de la gestion des relations clients;<\/li>\n<li>Pour la d\u00e9fense de notre int\u00e9r\u00eat l\u00e9gitime \u00e0 entreprendre;<\/li>\n<li>Dans le cadre de direct marketing pour envoyer de l\u2019information comme un bulletin d\u2019information ou des brochures publicitaires. Vous pouvez retirer cet accord \u00e0 tout.<\/li>\n<\/ul>\n<p>Vos donn\u00e9es personnelles ne sont pas utilis\u00e9es dans le cadre de prise de d\u00e9cision automatis\u00e9e sans intervention humaine.<\/p>\n<p><strong>Article 5 \u2013 Transfert de donn\u00e9es personnelles<\/strong><br \/>\nL\u2019entreprise s\u2019engage de ne pas transf\u00e9rer vos donn\u00e9es \u00e0 des tiers sans autorisation explicite. En plus du besoin d&rsquo;en conna\u00eetre par des employ\u00e9s internes explicitement autoris\u00e9s \u00e0 le faire, les tiers ci-dessous peuvent \u00e9galement prendre connaissance des donn\u00e9es personnelles requises\u00a0:<\/p>\n<ul>\n<li>Secr\u00e9tariat social<\/li>\n<li>Cabinet d\u2019expertise comptable<\/li>\n<li>Conseil fiscal<\/li>\n<li>Fournisseurs de services TIC<\/li>\n<\/ul>\n<p><strong>Article 6 \u2013 Stockage de donn\u00e9es personnelles<\/strong><br \/>\nVos donn\u00e9es personnelles sont stock\u00e9s aussi long que n\u00e9cessaire pour atteindre les objectifs comme d\u00e9crits \u00e0 l\u2019article 4.<\/p>\n<p>Des donn\u00e9es personnelles sont en plus stock\u00e9es pour un terme l\u00e9gal obligatoire minimum de 10 apr\u00e8s la derni\u00e8re collaboration.<\/p>\n<p><strong>Article 7 \u2013 Droits de la personne concern\u00e9e<\/strong><br \/>\nComme personne concern\u00e9e les droits suivant concernant des donn\u00e9es personnelles sont garantis. Toute demande d\u2019exercice d\u2019un droit individuel sera donn\u00e9e gratuitement dans un d\u00e9lai raisonnable.<\/p>\n<ul>\n<li>Droit d\u2019inspection \u2013 en exer\u00e7ant ce droit vous pouvez obtenir une copie des donn\u00e9es personnelles de vous que nous<\/li>\n<li>Droit \u00e0 la rectification \u2013 en exer\u00e7ant ce droit vous pouvez rectifier ou compl\u00e9ter vos donn\u00e9es Une rectification suivra sur simple demande.<\/li>\n<li>Droit \u00e0 l\u2019effacement \u2013 en exer\u00e7ant ce droit vous pouvez demander suppression de vos donn\u00e9es si des actions incorrectes se produisent dans le<\/li>\n<li>Droit \u00e0 la restriction du traitement \u2013 en exer\u00e7ant ce droit vous pouvez demander que le traitement soit limit\u00e9, si des actions incorrectes se produisent ou s\u2019il y a une demande d\u2019am\u00e9lioration. Cela signifie que vos donn\u00e9es personnelles peuvent seulement \u00eatre trait\u00e9es avec votre Le stockage de donn\u00e9es personnelles n\u2019est pas affect\u00e9 par cela, ni aucun traitement dans le cadre d\u2019une proc\u00e9dure judiciaire, pour la protection des personnes physiques ou morales ou pour des raisons importantes d\u2019int\u00e9r\u00eat g\u00e9n\u00e9ral.<\/li>\n<li>Droit de transf\u00e9rabilit\u00e9 \u2013 en exer\u00e7ant ce droit vous pouvez demander de transf\u00e9rer les donn\u00e9es fournies par vous \u00e0 des tiers dans un format Un tel droit peut \u00eatre limit\u00e9 par ex\u00e9cuter un exercice de proportionnalit\u00e9.<\/li>\n<li>Droit de refuser le traitement automatique des donn\u00e9es \u2013 en exer\u00e7ant ce droit vous pouvez indiquer que vous ne voulez pas que vos donn\u00e9es personnelles font partie d\u2019un traitement des donn\u00e9es personnelles automatis\u00e9s et des processus sans intervention<\/li>\n<li>Droit au retrait du consentement \u2013 en exer\u00e7ant ce droit vous pouvez retirer une permission pr\u00e9c\u00e9demment donn\u00e9e. Cela arr\u00eate tout traitement ult\u00e9rieur.<\/li>\n<\/ul>\n<p>Si vous souhaitez exercer un ou plusieurs des droits ci-dessus, veuillez prendre contact via les donn\u00e9es sp\u00e9cifi\u00e9 dans l\u2019article 2.<\/p>\n<p>De plus, des plaintes peuvent \u00eatre d\u00e9pos\u00e9es aupr\u00e8s de l\u2019autorit\u00e9 de surveillance si vous pensez que vos droits ne sont pas respect\u00e9s.<\/p>","protected":false},"excerpt":{"rendered":"<p>Avis de confidentialit\u00e9 de Cosmo Time Systems sprl avec si\u00e8ge social \u00e0 Deurne et inscrit dans la Banque-Carrefour des Entreprises avec num\u00e9ro d\u2019entreprise BE 0840.215.681. Article 1 \u2013 D\u00e9claration de confidentialit\u00e9 Comme entreprise nous nous effor\u00e7ons de traiter vos donn\u00e9es<\/p>\n","protected":false},"author":1,"featured_media":0,"parent":0,"menu_order":0,"comment_status":"closed","ping_status":"closed","template":"","meta":{"footnotes":""},"class_list":["post-258","page","type-page","status-publish","hentry"],"_links":{"self":[{"href":"https:\/\/cosmo.be\/fr\/wp-json\/wp\/v2\/pages\/258","targetHints":{"allow":["GET"]}}],"collection":[{"href":"https:\/\/cosmo.be\/fr\/wp-json\/wp\/v2\/pages"}],"about":[{"href":"https:\/\/cosmo.be\/fr\/wp-json\/wp\/v2\/types\/page"}],"author":[{"embeddable":true,"href":"https:\/\/cosmo.be\/fr\/wp-json\/wp\/v2\/users\/1"}],"replies":[{"embeddable":true,"href":"https:\/\/cosmo.be\/fr\/wp-json\/wp\/v2\/comments?post=258"}],"version-history":[{"count":4,"href":"https:\/\/cosmo.be\/fr\/wp-json\/wp\/v2\/pages\/258\/revisions"}],"predecessor-version":[{"id":267,"href":"https:\/\/cosmo.be\/fr\/wp-json\/wp\/v2\/pages\/258\/revisions\/267"}],"wp:attachment":[{"href":"https:\/\/cosmo.be\/fr\/wp-json\/wp\/v2\/media?parent=258"}],"curies":[{"name":"wp","href":"https:\/\/api.w.org\/{rel}","templated":true}]}}