{"id":35,"date":"2017-04-07T13:35:37","date_gmt":"2017-04-07T13:35:37","guid":{"rendered":"https:\/\/cosmo.be.web.cloud.telenet.be\/?page_id=35"},"modified":"2017-11-26T04:52:03","modified_gmt":"2017-11-26T04:52:03","slug":"over-cosmo-time-systems","status":"publish","type":"page","link":"https:\/\/cosmo.be\/fr\/over-cosmo-time-systems\/","title":{"rendered":"A propos de Cosmo Time Systems"},"content":{"rendered":"<p><strong>COSMO Time Systems<\/strong> a \u00e9t\u00e9 fond\u00e9e le 15 octobre 1920 en tant que <strong>H<\/strong>orlogerie\u00a0<strong>C<\/strong>ontr\u00f4le\u00a0<strong>E<\/strong>lectricit\u00e9 S.A. par les ing\u00e9nieurs Brilli\u00e9, inventeurs d&rsquo;une horloge-m\u00e8re, fonctionnant avec un balancier \u00e0 impulsions \u00e9lectromagn\u00e9tiques capable de piloter d&rsquo;autres horloges secondaires. <strong>H.C.E.<\/strong> fut rapidement connue en tant que sp\u00e9cialiste de la conception, de la fabrication, du placement et de l&rsquo;entretien d&rsquo;horloges \u00e0 impulsions \u00e9lectriques et d&rsquo;horloges d&rsquo;enregistrement du temps. En 1968, l&rsquo;entreprise se lan\u00e7a dans la conception de produits \u00e9lectroniques et fut rebaptis\u00e9e COSMO.<\/p>\n<p>Cosmo se trouvait \u00e0 la base de nombreux d\u00e9veloppements dans le domaine de la mesure du temps et de l&rsquo;application de solutions indissociables du temps, qu&rsquo;on utilise encore toujours \u00e0 pr\u00e9sent, presque 100 ans plus tard.<\/p>\n<p><strong>Quelques exemples:<\/strong><\/p>\n<p><em>Contr\u00f4le de ronde \u00e9lectrique pour quatre rondes simultan\u00e9es<\/em><\/p>\n<figure id=\"attachment_32\" aria-describedby=\"caption-attachment-32\" style=\"width: 250px\" class=\"wp-caption alignleft\"><img loading=\"lazy\" decoding=\"async\" class=\"wp-image-32 size-full\" src=\"https:\/\/cosmo.be\/wp-content\/uploads\/2017\/04\/rondecontrole.jpg\" alt=\"\" width=\"250\" height=\"173\" \/><figcaption id=\"caption-attachment-32\" class=\"wp-caption-text\">Contr\u00f4le de ronde \u00e9lectrique<\/figcaption><\/figure>\n<p>Ici, vous voyez le panneau de contr\u00f4le de 2 m\u00e8tres de haut dans le b\u00e2timent monumental de la Banque de Bruxelles qui \u00e9tait encore en activit\u00e9 en 1965. Le b\u00e2timent entier est \u00e9quip\u00e9 de contacts \u00e9lectroniques ne pouvant \u00eatre activ\u00e9s que par la cl\u00e9 de contr\u00f4le du veilleur de nuit. Le temps entre deux postes de contr\u00f4le et le trajet \u00e0 suivre \u00e9taient d\u00e9finis pr\u00e9alablement. Si l&rsquo;ordre ou le temps entre deux postes de contr\u00f4le ne correspondait pas \u00e0 ce qui \u00e9tait planifi\u00e9, l&rsquo;alarme de cambriolage se d\u00e9clenchait. Chaque poste de contr\u00f4le envoyait une impulsion \u00e0 l&rsquo;imprimante qui inscrivait l&rsquo;heure sur un rouleau de papier afin de la contr\u00f4ler plus tard. Cette m\u00e9thode de ronde est encore utilis\u00e9e partout \u00e0 ce jour.<\/p>\n<p>&nbsp;<\/p>\n<p>&nbsp;<\/p>\n<p>&nbsp;<\/p>\n<p><em>Horloge parlante \u00e0 la R\u00e9gie des t\u00e9l\u00e9phones et des t\u00e9l\u00e9graphes<\/em><\/p>\n<figure id=\"attachment_34\" aria-describedby=\"caption-attachment-34\" style=\"width: 252px\" class=\"wp-caption alignright\"><img loading=\"lazy\" decoding=\"async\" class=\"wp-image-34 size-full\" src=\"https:\/\/cosmo.be\/wp-content\/uploads\/2017\/04\/sprekende-klok.jpg\" alt=\"\" width=\"252\" height=\"192\" \/><figcaption id=\"caption-attachment-34\" class=\"wp-caption-text\">Horloge parlante<\/figcaption><\/figure>\n<p>\u00c0 droite, vous voyez une photo de la premi\u00e8re horloge parlante. \u00ab\u00a0Au troisi\u00e8me top il sera exactement xx heures, yy minutes et zz secondes\u00a0\u00bb. Vous la connaissez tr\u00e8s certainement et elle s&rsquo;utilise encore toujours, bien qu&rsquo;en format purement \u00e9lectronique. La voix a \u00e9t\u00e9 enregistr\u00e9e (magn\u00e9tis\u00e9e) sur un fil d&rsquo;acier, avec une bobine pour les heures, une autre pour les minutes et une troisi\u00e8me pour les secondes. Le tout est command\u00e9 par des relais \u00e9lectriques par l&rsquo;horloge-m\u00e8re qui donne les bonnes impulsions pour d\u00e9marrer et arr\u00eater la lecture \u00e0 la seconde pr\u00e8s.<\/p>\n<p>&nbsp;<\/p>\n<p>&nbsp;<\/p>\n<p>&nbsp;<\/p>\n<p>&nbsp;<\/p>\n<p><em>Horloge \u00e9lectrique de chemin de fer de 3m de diam\u00e8tre<\/em><\/p>\n<figure id=\"attachment_33\" aria-describedby=\"caption-attachment-33\" style=\"width: 154px\" class=\"wp-caption alignleft\"><img loading=\"lazy\" decoding=\"async\" class=\"wp-image-33 size-full\" src=\"https:\/\/cosmo.be\/wp-content\/uploads\/2017\/04\/spoorwegklok.jpg\" alt=\"\" width=\"154\" height=\"217\" \/><figcaption id=\"caption-attachment-33\" class=\"wp-caption-text\">Horloge \u00e9lectrique de chemin de fer<\/figcaption><\/figure>\n<p>Vous voyez ici une horloge command\u00e9e par des impulsions \u00e9lectriques avec un diam\u00e8tre de 3 m\u00e8tres, plac\u00e9e dans la gare de Bruxelles \u00e0 l&rsquo;endroit o\u00f9 se trouve \u00e0 pr\u00e9sent la Gare du Nord et visible de loin par les voyageurs. \u00c0 l&rsquo;\u00e9poque, il n&rsquo;existait pas encore d&rsquo;horloges de quai comme on les conna\u00eet maintenant. Vous regardez en direction de Schaerbeek, les quais sont derri\u00e8re vous. La trotteuse \u00e9tait pilot\u00e9e par un moteur synchronis\u00e9 et s&rsquo;arr\u00eatait \u00e0 la 59e seconde pour attendre la prochaine impulsion minute de l&rsquo;horloge-m\u00e8re, et pour ensuite repartir. Ce syst\u00e8me de la trotteuse s&rsquo;arr\u00eatant \u00e0 la 59e seconde en attendant la minute suivante est encore toujours utilis\u00e9 dans nos gares ainsi que dans la plupart des gares europ\u00e9ennes.<\/p>\n<p>&nbsp;<\/p>\n<p>&nbsp;<\/p>\n<p>&nbsp;<\/p>\n<p>&nbsp;<\/p>\n<p>&nbsp;<\/p>\n<p>Cosmo n&rsquo;a cess\u00e9 d&rsquo;\u00e9voluer dans ces sp\u00e9cialit\u00e9s o\u00f9 le savoir-faire, les connaissances, la qualit\u00e9 et le service sont les cl\u00e9s du succ\u00e8s.<\/p>","protected":false},"excerpt":{"rendered":"<p>COSMO Time Systems a \u00e9t\u00e9 fond\u00e9e le 15 octobre 1920 en tant que Horlogerie\u00a0Contr\u00f4le\u00a0Electricit\u00e9 S.A. par les ing\u00e9nieurs Brilli\u00e9, inventeurs d&rsquo;une horloge-m\u00e8re, fonctionnant avec un balancier \u00e0 impulsions \u00e9lectromagn\u00e9tiques capable de piloter d&rsquo;autres horloges secondaires. H.C.E. fut rapidement connue en<\/p>\n","protected":false},"author":1,"featured_media":0,"parent":0,"menu_order":0,"comment_status":"closed","ping_status":"closed","template":"","meta":{"footnotes":""},"class_list":["post-35","page","type-page","status-publish","hentry"],"_links":{"self":[{"href":"https:\/\/cosmo.be\/fr\/wp-json\/wp\/v2\/pages\/35","targetHints":{"allow":["GET"]}}],"collection":[{"href":"https:\/\/cosmo.be\/fr\/wp-json\/wp\/v2\/pages"}],"about":[{"href":"https:\/\/cosmo.be\/fr\/wp-json\/wp\/v2\/types\/page"}],"author":[{"embeddable":true,"href":"https:\/\/cosmo.be\/fr\/wp-json\/wp\/v2\/users\/1"}],"replies":[{"embeddable":true,"href":"https:\/\/cosmo.be\/fr\/wp-json\/wp\/v2\/comments?post=35"}],"version-history":[{"count":11,"href":"https:\/\/cosmo.be\/fr\/wp-json\/wp\/v2\/pages\/35\/revisions"}],"predecessor-version":[{"id":56,"href":"https:\/\/cosmo.be\/fr\/wp-json\/wp\/v2\/pages\/35\/revisions\/56"}],"wp:attachment":[{"href":"https:\/\/cosmo.be\/fr\/wp-json\/wp\/v2\/media?parent=35"}],"curies":[{"name":"wp","href":"https:\/\/api.w.org\/{rel}","templated":true}]}}