{"id":99,"date":"2017-11-19T05:46:17","date_gmt":"2017-11-19T05:46:17","guid":{"rendered":"https:\/\/cosmo.be\/?page_id=99"},"modified":"2021-06-28T22:11:53","modified_gmt":"2021-06-28T22:11:53","slug":"analoge-klokken","status":"publish","type":"page","link":"https:\/\/cosmo.be\/fr\/analoge-en-digitale-klokken\/analoge-klokken\/","title":{"rendered":"Horloges analogiques"},"content":{"rendered":"<p><\/p>\n<h6>Horloges analogiques pour int\u00e9rieur<\/h6>\n<p><strong>Horloges \u00ab\u00a0HEUREKA\u00a0\u00bb &#8211; pour le budget conscient!<\/strong><br \/>\nLes horloges Heureka sont destin\u00e9es \u00e0 un usage int\u00e9rieur et s&rsquo;int\u00e8grent dans un environnement de bureau aussi bien que dans un site industriel, gr\u00e2ce \u00e0 leur design intemporel et modern.\u00a0Ils sont principalement utilis\u00e9s dans les banques, les bureaux, les h\u00f4pitaux, les halls d&rsquo;usine, les b\u00e2timents publics, les \u00e9coles, les salles de sport, bref dans tous les domaines o\u00f9 l&rsquo;indication de l&rsquo;heure exacte est indispensable.<\/p>\n<p><img loading=\"lazy\" decoding=\"async\" class=\"alignright wp-image-101 size-full\" src=\"https:\/\/cosmo.be\/wp-content\/uploads\/2017\/11\/heureka-1.jpg\" alt=\"heureka-1\" width=\"196\" height=\"196\" srcset=\"https:\/\/cosmo.be\/wp-content\/uploads\/2017\/11\/heureka-1.jpg 196w, https:\/\/cosmo.be\/wp-content\/uploads\/2017\/11\/heureka-1-150x150.jpg 150w\" sizes=\"auto, (max-width: 196px) 100vw, 196px\" \/><\/p>\n<p><img loading=\"lazy\" decoding=\"async\" class=\"alignright wp-image-102 size-full\" src=\"https:\/\/cosmo.be\/wp-content\/uploads\/2017\/11\/heureka-2.jpg\" alt=\"heureka-2\" width=\"200\" height=\"200\" srcset=\"https:\/\/cosmo.be\/wp-content\/uploads\/2017\/11\/heureka-2.jpg 200w, https:\/\/cosmo.be\/wp-content\/uploads\/2017\/11\/heureka-2-150x150.jpg 150w\" sizes=\"auto, (max-width: 200px) 100vw, 200px\" \/><\/p>\n<div>\n<ul>\n<li>dimensions \u00d8 30cm et 40cm<\/li>\n<li>profondeur bo\u00eetier : 30mm<\/li>\n<li>bo\u00eetier en mati\u00e8re synth\u00e9tique ABS de couleur blanc<\/li>\n<li>cadran blanc \u00e0 chiffres arabes noirs ou \u00e0 traits noirs<\/li>\n<li>aiguilles des heures et des minutes noir<\/li>\n<li>trotteuse rouge (si d&rsquo;application)<\/li>\n<li>protection plexi bomb\u00e9e (IP52)<\/li>\n<li>montage mural, simple face<\/li>\n<li>montage double face avec une potence pour fixation murale ou plafond<\/li>\n<li>mouvements disponibles:<br \/>\n&#8211; r\u00e9cepteur 24VDC minutes<br \/>\n&#8211; quartz \u00e0 piles 1,5V<br \/>\n&#8211; quartz 230VAC avec r\u00e9serve de marche<br \/>\n&#8211; radiopilot\u00e9 DCF-77 1,5V<br \/>\n&#8211; radiopilot\u00e9 DCF-77 230V AC<\/li>\n<li>Distance de lecture:<br \/>\n&#8211; \u00d830 cm: 15m<br \/>\n&#8211; \u00d840 cm: 25m<\/li>\n<\/ul>\n<p><a href=\"https:\/\/cosmo.be\/fr\/contact\/\">Contactez-nous<\/a> pour de plus amples information<\/p>\n<\/div>\n<hr \/>\n<p><strong>Horloges \u00ab\u00a0Cosmo\u00a0\u00bb<\/strong><img loading=\"lazy\" decoding=\"async\" class=\"alignright wp-image-100 size-medium\" src=\"https:\/\/cosmo.be\/wp-content\/uploads\/2017\/11\/cosmo-clock-1-278x300.jpg\" alt=\"horloge cosmo\" width=\"278\" height=\"300\" srcset=\"https:\/\/cosmo.be\/wp-content\/uploads\/2017\/11\/cosmo-clock-1-278x300.jpg 278w, https:\/\/cosmo.be\/wp-content\/uploads\/2017\/11\/cosmo-clock-1.jpg 740w\" sizes=\"auto, (max-width: 278px) 100vw, 278px\" \/><\/p>\n<div>\n<ul>\n<li>dimensions\u00a0\u00d8 23, 30, 40, 60, 80 en 90cm<\/li>\n<li>bo\u00eetier en mati\u00e8re synth\u00e9tique ABS ou aluminium, couleur bo\u00eetier: gris<\/li>\n<li>cadran blanc \u00e0 chiffres arabes noirs ou traits noirs<\/li>\n<li>aiguilles des heures et des minutes noir<\/li>\n<li>trotteuse rouge (si d&rsquo;application)<\/li>\n<li>verre de protection bomb\u00e9<\/li>\n<li>montage mural, simple face<\/li>\n<li>montage double face avec une potence pour fixation murale ou plafond<\/li>\n<li>profondeur bo\u00eetier simple face \u00d8 23, 30 en 40cm : 37mm<\/li>\n<li>profondeur bo\u00eetier simple face \u00d8 60, 80 en 90cm : 70mm<\/li>\n<li>montage \u00e0 l&rsquo;int\u00e9rieur IP52 \/ montage \u00e0 l&rsquo;ext\u00e9rieur IP54<\/li>\n<li>\u00d8 60 et 90cm \u00e9galement livrable avec un \u00e9clairage \u00e0 LED intern<\/li>\n<li>mouvements disponibles:<br \/>\n&#8211; r\u00e9cepteur 24VDC minutes<br \/>\n&#8211; quartz \u00e0 piles 1,5V<br \/>\n&#8211; quartz 230VAC avec r\u00e9serve de marche<br \/>\n&#8211; radiopilot\u00e9 DCF-77 1,5V<br \/>\n&#8211; radiopilot\u00e9 DCF-77 230V AC<br \/>\n&#8211; code de temps IRIG-B<br \/>\n&#8211; NTP 230VAC ou NTP PoE<\/li>\n<li>distance de lecture :<br \/>\n&#8211; \u00d830 cm: 15m<br \/>\n&#8211; \u00d840 cm: 25m<br \/>\n&#8211; \u00d860 cm: 50m<br \/>\n&#8211; \u00d880 cm: 80m<br \/>\n&#8211; \u00d890 cm: 100m<\/li>\n<\/ul>\n<p><a href=\"https:\/\/cosmo.be\/fr\/contact\/\">Contactez-nous<\/a> pour de plus amples information<a href=\"https:\/\/cosmo.be\/fr\/horloges-analogiques-et-digitales\/horloges-digitales\/\"><img loading=\"lazy\" decoding=\"async\" class=\"alignright wp-image-392\" src=\"https:\/\/cosmo.be\/wp-content\/uploads\/2017\/11\/digital-clock-range-without-arrow-fr.png\" alt=\"\" width=\"309\" height=\"146\" srcset=\"https:\/\/cosmo.be\/wp-content\/uploads\/2017\/11\/digital-clock-range-without-arrow-fr.png 415w, https:\/\/cosmo.be\/wp-content\/uploads\/2017\/11\/digital-clock-range-without-arrow-fr-300x142.png 300w\" sizes=\"auto, (max-width: 309px) 100vw, 309px\" \/><\/a><\/p>\n<\/div>\n<p><\/p>","protected":false},"excerpt":{"rendered":"<p>Horloges analogiques pour int\u00e9rieur Horloges \u00ab\u00a0HEUREKA\u00a0\u00bb &#8211; pour le budget conscient! Les horloges Heureka sont destin\u00e9es \u00e0 un usage int\u00e9rieur et s&rsquo;int\u00e8grent dans un environnement de bureau aussi bien que dans un site industriel, gr\u00e2ce \u00e0 leur design intemporel et<\/p>\n","protected":false},"author":1,"featured_media":0,"parent":94,"menu_order":0,"comment_status":"closed","ping_status":"closed","template":"","meta":{"footnotes":""},"class_list":["post-99","page","type-page","status-publish","hentry"],"_links":{"self":[{"href":"https:\/\/cosmo.be\/fr\/wp-json\/wp\/v2\/pages\/99","targetHints":{"allow":["GET"]}}],"collection":[{"href":"https:\/\/cosmo.be\/fr\/wp-json\/wp\/v2\/pages"}],"about":[{"href":"https:\/\/cosmo.be\/fr\/wp-json\/wp\/v2\/types\/page"}],"author":[{"embeddable":true,"href":"https:\/\/cosmo.be\/fr\/wp-json\/wp\/v2\/users\/1"}],"replies":[{"embeddable":true,"href":"https:\/\/cosmo.be\/fr\/wp-json\/wp\/v2\/comments?post=99"}],"version-history":[{"count":13,"href":"https:\/\/cosmo.be\/fr\/wp-json\/wp\/v2\/pages\/99\/revisions"}],"predecessor-version":[{"id":437,"href":"https:\/\/cosmo.be\/fr\/wp-json\/wp\/v2\/pages\/99\/revisions\/437"}],"up":[{"embeddable":true,"href":"https:\/\/cosmo.be\/fr\/wp-json\/wp\/v2\/pages\/94"}],"wp:attachment":[{"href":"https:\/\/cosmo.be\/fr\/wp-json\/wp\/v2\/media?parent=99"}],"curies":[{"name":"wp","href":"https:\/\/api.w.org\/{rel}","templated":true}]}}